{"id":3651,"date":"2025-06-01T19:04:31","date_gmt":"2025-06-01T17:04:31","guid":{"rendered":"https:\/\/ai-explorer.io\/blog\/?page_id=3651"},"modified":"2025-07-22T11:31:48","modified_gmt":"2025-07-22T09:31:48","slug":"blog","status":"publish","type":"page","link":"https:\/\/ai-explorer.io\/blog\/blog\/","title":{"rendered":"Le blog"},"content":{"rendered":"\n\t\t<div data-elementor-type=\"wp-post\" data-elementor-id=\"3335\" class=\"elementor elementor-3335\">\n\t\t\t\t\t\t<section class=\"elementor-section elementor-top-section elementor-element elementor-element-8ca7815 elementor-section-stretched elementor-section-boxed elementor-section-height-default elementor-section-height-default\" data-id=\"8ca7815\" data-element_type=\"section\" data-e-type=\"section\" data-settings=\"{&quot;stretch_section&quot;:&quot;section-stretched&quot;}\">\n\t\t\t\t\t\t<div class=\"elementor-container elementor-column-gap-default\">\n\t\t\t\t\t<div class=\"elementor-column elementor-col-100 elementor-top-column elementor-element elementor-element-48c7216\" data-id=\"48c7216\" data-element_type=\"column\" data-e-type=\"column\">\n\t\t\t<div class=\"elementor-widget-wrap elementor-element-populated\">\n\t\t\t\t\t\t<section class=\"elementor-section elementor-inner-section elementor-element elementor-element-847648a elementor-section-height-min-height elementor-section-content-middle elementor-section-boxed elementor-section-height-default\" data-id=\"847648a\" data-element_type=\"section\" data-e-type=\"section\" data-settings=\"{&quot;background_background&quot;:&quot;classic&quot;}\">\n\t\t\t\t\t\t\t<div class=\"elementor-background-overlay\"><\/div>\n\t\t\t\t\t\t\t<div class=\"elementor-container elementor-column-gap-default\">\n\t\t\t\t\t<div class=\"elementor-column elementor-col-100 elementor-inner-column elementor-element elementor-element-5f0aaa5\" data-id=\"5f0aaa5\" data-element_type=\"column\" data-e-type=\"column\">\n\t\t\t<div class=\"elementor-widget-wrap elementor-element-populated\">\n\t\t\t\t\t\t<div class=\"elementor-element elementor-element-f84daa4 elementor-widget__width-initial elementor-widget elementor-widget-foxiz-heading\" data-id=\"f84daa4\" data-element_type=\"widget\" data-e-type=\"widget\" data-widget_type=\"foxiz-heading.default\">\n\t\t\t\t<div class=\"elementor-widget-container\">\n\t\t\t\t\t<div id=\"uid_f84daa4\" class=\"block-h heading-layout-6 light-scheme\"><div class=\"heading-inner\"><h2 class=\"heading-title\"><span>Le blog<\/span><\/h2><\/div><\/div>\t\t\t\t<\/div>\n\t\t\t\t<\/div>\n\t\t\t\t<div class=\"elementor-element elementor-element-2a4fac9 elementor-drop-cap-yes elementor-drop-cap-view-default elementor-widget elementor-widget-text-editor\" data-id=\"2a4fac9\" data-element_type=\"widget\" data-e-type=\"widget\" data-settings=\"{&quot;drop_cap&quot;:&quot;yes&quot;}\" data-widget_type=\"text-editor.default\">\n\t\t\t\t<div class=\"elementor-widget-container\">\n\t\t\t\t\t\t\t\t\t<h4 data-start=\"440\" data-end=\"728\">Nous explorons les enjeux soci\u00e9taux, \u00e9thiques, \u00e9conomiques et politiques li\u00e9s \u00e0 l\u2019IA et \u00e0 la tech en g\u00e9n\u00e9ral. De l\u2019automatisation \u00e0 la vie priv\u00e9e, des mod\u00e8les de langage aux villes intelligentes, notre objectif est clair : offrir une information claire, ind\u00e9pendante et accessible \u00e0 tous.<\/h4><h4 data-start=\"440\" data-end=\"728\">\u00a0<\/h4><h4 data-start=\"440\" data-end=\"728\">Ce blog est d\u00e9di\u00e9 \u00e0 l\u2019\u00e9volution d\u2019un monde en mutation rapide \u2014 parce que comprendre l\u2019IA, c\u2019est mieux comprendre notre avenir.<\/h4>\t\t\t\t\t\t\t\t<\/div>\n\t\t\t\t<\/div>\n\t\t\t\t\t<\/div>\n\t\t<\/div>\n\t\t\t\t\t<\/div>\n\t\t<\/section>\n\t\t\t\t<div class=\"elementor-element elementor-element-446be53 elementor-widget elementor-widget-spacer\" data-id=\"446be53\" data-element_type=\"widget\" data-e-type=\"widget\" data-widget_type=\"spacer.default\">\n\t\t\t\t<div class=\"elementor-widget-container\">\n\t\t\t\t\t\t\t<div class=\"elementor-spacer\">\n\t\t\t<div class=\"elementor-spacer-inner\"><\/div>\n\t\t<\/div>\n\t\t\t\t\t\t<\/div>\n\t\t\t\t<\/div>\n\t\t\t\t<div class=\"elementor-element elementor-element-1bc3a6e elementor-widget elementor-widget-foxiz-grid-box-1\" data-id=\"1bc3a6e\" data-element_type=\"widget\" data-e-type=\"widget\" data-widget_type=\"foxiz-grid-box-1.default\">\n\t\t\t\t<div class=\"elementor-widget-container\">\n\t\t\t\t\t<div id=\"uid_1bc3a6e\" class=\"block-wrap block-grid block-grid-box-1 rb-columns rb-col-3 is-gap-20 ecat-bg-2 meta-s-default\"><\/div>\t\t\t\t<\/div>\n\t\t\t\t<\/div>\n\t\t\t\t\t<\/div>\n\t\t<\/div>\n\t\t\t\t\t<\/div>\n\t\t<\/section>\n\t\t\t\t<\/div>\n\t\t\n\n\n\n<p><\/p>\n","protected":false},"excerpt":{"rendered":"","protected":false},"author":2,"featured_media":0,"parent":0,"menu_order":0,"comment_status":"closed","ping_status":"closed","template":"","meta":{"footnotes":""},"class_list":["post-3651","page","type-page","status-publish"],"yoast_head":"<!-- This site is optimized with the Yoast SEO plugin v26.5 - https:\/\/yoast.com\/wordpress\/plugins\/seo\/ -->\n<title>AI Explorer - Blog intelligence artificielle et tech en g\u00e9n\u00e9ral<\/title>\n<meta name=\"description\" content=\"D\u00e9couvrez l\u2019actualit\u00e9 de l\u2019intelligence artificielle, des technologies \u00e9mergentes et du futur num\u00e9rique sur notre blog ind\u00e9pendant et engag\u00e9.\" \/>\n<meta name=\"robots\" content=\"index, follow, max-snippet:-1, max-image-preview:large, max-video-preview:-1\" \/>\n<link rel=\"canonical\" href=\"https:\/\/ai-explorer.io\/blog\/blog\/\" \/>\n<meta property=\"og:locale\" content=\"fr_FR\" \/>\n<meta property=\"og:type\" content=\"article\" \/>\n<meta property=\"og:title\" content=\"AI Explorer - Blog intelligence artificielle et tech en g\u00e9n\u00e9ral\" \/>\n<meta property=\"og:description\" content=\"D\u00e9couvrez l\u2019actualit\u00e9 de l\u2019intelligence artificielle, des technologies \u00e9mergentes et du futur num\u00e9rique sur notre blog ind\u00e9pendant et engag\u00e9.\" \/>\n<meta property=\"og:url\" content=\"https:\/\/ai-explorer.io\/blog\/blog\/\" \/>\n<meta property=\"og:site_name\" content=\"AI Explorer\" \/>\n<meta property=\"article:modified_time\" content=\"2025-07-22T09:31:48+00:00\" \/>\n<meta property=\"og:image\" content=\"https:\/\/ai-explorer.io\/blog\/wp-content\/uploads\/2025\/06\/image-2.jpg\" \/>\n\t<meta property=\"og:image:width\" content=\"1024\" \/>\n\t<meta property=\"og:image:height\" content=\"1024\" \/>\n\t<meta property=\"og:image:type\" content=\"image\/jpeg\" \/>\n<meta name=\"twitter:card\" content=\"summary_large_image\" \/>\n<meta name=\"twitter:site\" content=\"@aiexplorernews\" \/>\n<meta name=\"twitter:label1\" content=\"Dur\u00e9e de lecture estim\u00e9e\" \/>\n\t<meta name=\"twitter:data1\" content=\"1 minute\" \/>\n<script type=\"application\/ld+json\" class=\"yoast-schema-graph\">{\"@context\":\"https:\/\/schema.org\",\"@graph\":[{\"@type\":\"WebPage\",\"@id\":\"https:\/\/ai-explorer.io\/blog\/blog\/\",\"url\":\"https:\/\/ai-explorer.io\/blog\/blog\/\",\"name\":\"AI Explorer - Blog intelligence artificielle et tech en g\u00e9n\u00e9ral\",\"isPartOf\":{\"@id\":\"http:\/\/localhost:8081\/#website\"},\"datePublished\":\"2025-06-01T17:04:31+00:00\",\"dateModified\":\"2025-07-22T09:31:48+00:00\",\"description\":\"D\u00e9couvrez l\u2019actualit\u00e9 de l\u2019intelligence artificielle, des technologies \u00e9mergentes et du futur num\u00e9rique sur notre blog ind\u00e9pendant et engag\u00e9.\",\"breadcrumb\":{\"@id\":\"https:\/\/ai-explorer.io\/blog\/blog\/#breadcrumb\"},\"inLanguage\":\"fr-FR\",\"potentialAction\":[{\"@type\":\"ReadAction\",\"target\":[\"https:\/\/ai-explorer.io\/blog\/blog\/\"]}]},{\"@type\":\"BreadcrumbList\",\"@id\":\"https:\/\/ai-explorer.io\/blog\/blog\/#breadcrumb\",\"itemListElement\":[{\"@type\":\"ListItem\",\"position\":1,\"name\":\"Home\",\"item\":\"https:\/\/ai-explorer.io\/blog\/\"},{\"@type\":\"ListItem\",\"position\":2,\"name\":\"Le blog\"}]},{\"@type\":\"WebSite\",\"@id\":\"http:\/\/localhost:8081\/#website\",\"url\":\"http:\/\/localhost:8081\/\",\"name\":\"AI Explorer - Actualit\u00e9s IA et tech en g\u00e9n\u00e9ral\",\"description\":\"Blog IA : actualit\u00e9s, guides et comparatifs\",\"publisher\":{\"@id\":\"http:\/\/localhost:8081\/#\/schema\/person\/7af3a2824aaac8e3856fdeeaea3b0e1a\"},\"alternateName\":\"AI Explorer\",\"potentialAction\":[{\"@type\":\"SearchAction\",\"target\":{\"@type\":\"EntryPoint\",\"urlTemplate\":\"http:\/\/localhost:8081\/?s={search_term_string}\"},\"query-input\":{\"@type\":\"PropertyValueSpecification\",\"valueRequired\":true,\"valueName\":\"search_term_string\"}}],\"inLanguage\":\"fr-FR\"},{\"@type\":[\"Person\",\"Organization\"],\"@id\":\"http:\/\/localhost:8081\/#\/schema\/person\/7af3a2824aaac8e3856fdeeaea3b0e1a\",\"name\":\"La voix du futur\",\"image\":{\"@type\":\"ImageObject\",\"inLanguage\":\"fr-FR\",\"@id\":\"http:\/\/localhost:8081\/#\/schema\/person\/image\/\",\"url\":\"https:\/\/i0.wp.com\/ai-explorer.io\/wp-content\/uploads\/2025\/06\/image-2.jpg?fit=1024%2C1024&ssl=1\",\"contentUrl\":\"https:\/\/i0.wp.com\/ai-explorer.io\/wp-content\/uploads\/2025\/06\/image-2.jpg?fit=1024%2C1024&ssl=1\",\"width\":1024,\"height\":1024,\"caption\":\"La voix du futur\"},\"logo\":{\"@id\":\"http:\/\/localhost:8081\/#\/schema\/person\/image\/\"},\"sameAs\":[\"https:\/\/ai-explorer.io\/blog\/\",\"https:\/\/x.com\/aiexplorernews\"]}]}<\/script>\n<!-- \/ Yoast SEO plugin. -->","yoast_head_json":{"title":"AI Explorer - Blog intelligence artificielle et tech en g\u00e9n\u00e9ral","description":"D\u00e9couvrez l\u2019actualit\u00e9 de l\u2019intelligence artificielle, des technologies \u00e9mergentes et du futur num\u00e9rique sur notre blog ind\u00e9pendant et engag\u00e9.","robots":{"index":"index","follow":"follow","max-snippet":"max-snippet:-1","max-image-preview":"max-image-preview:large","max-video-preview":"max-video-preview:-1"},"canonical":"https:\/\/ai-explorer.io\/blog\/blog\/","og_locale":"fr_FR","og_type":"article","og_title":"AI Explorer - Blog intelligence artificielle et tech en g\u00e9n\u00e9ral","og_description":"D\u00e9couvrez l\u2019actualit\u00e9 de l\u2019intelligence artificielle, des technologies \u00e9mergentes et du futur num\u00e9rique sur notre blog ind\u00e9pendant et engag\u00e9.","og_url":"https:\/\/ai-explorer.io\/blog\/blog\/","og_site_name":"AI Explorer","article_modified_time":"2025-07-22T09:31:48+00:00","og_image":[{"width":1024,"height":1024,"url":"https:\/\/ai-explorer.io\/blog\/wp-content\/uploads\/2025\/06\/image-2.jpg","type":"image\/jpeg"}],"twitter_card":"summary_large_image","twitter_site":"@aiexplorernews","twitter_misc":{"Dur\u00e9e de lecture estim\u00e9e":"1 minute"},"schema":{"@context":"https:\/\/schema.org","@graph":[{"@type":"WebPage","@id":"https:\/\/ai-explorer.io\/blog\/blog\/","url":"https:\/\/ai-explorer.io\/blog\/blog\/","name":"AI Explorer - Blog intelligence artificielle et tech en g\u00e9n\u00e9ral","isPartOf":{"@id":"http:\/\/localhost:8081\/#website"},"datePublished":"2025-06-01T17:04:31+00:00","dateModified":"2025-07-22T09:31:48+00:00","description":"D\u00e9couvrez l\u2019actualit\u00e9 de l\u2019intelligence artificielle, des technologies \u00e9mergentes et du futur num\u00e9rique sur notre blog ind\u00e9pendant et engag\u00e9.","breadcrumb":{"@id":"https:\/\/ai-explorer.io\/blog\/blog\/#breadcrumb"},"inLanguage":"fr-FR","potentialAction":[{"@type":"ReadAction","target":["https:\/\/ai-explorer.io\/blog\/blog\/"]}]},{"@type":"BreadcrumbList","@id":"https:\/\/ai-explorer.io\/blog\/blog\/#breadcrumb","itemListElement":[{"@type":"ListItem","position":1,"name":"Home","item":"https:\/\/ai-explorer.io\/blog\/"},{"@type":"ListItem","position":2,"name":"Le blog"}]},{"@type":"WebSite","@id":"http:\/\/localhost:8081\/#website","url":"http:\/\/localhost:8081\/","name":"AI Explorer - Actualit\u00e9s IA et tech en g\u00e9n\u00e9ral","description":"Blog IA : actualit\u00e9s, guides et comparatifs","publisher":{"@id":"http:\/\/localhost:8081\/#\/schema\/person\/7af3a2824aaac8e3856fdeeaea3b0e1a"},"alternateName":"AI Explorer","potentialAction":[{"@type":"SearchAction","target":{"@type":"EntryPoint","urlTemplate":"http:\/\/localhost:8081\/?s={search_term_string}"},"query-input":{"@type":"PropertyValueSpecification","valueRequired":true,"valueName":"search_term_string"}}],"inLanguage":"fr-FR"},{"@type":["Person","Organization"],"@id":"http:\/\/localhost:8081\/#\/schema\/person\/7af3a2824aaac8e3856fdeeaea3b0e1a","name":"La voix du futur","image":{"@type":"ImageObject","inLanguage":"fr-FR","@id":"http:\/\/localhost:8081\/#\/schema\/person\/image\/","url":"https:\/\/i0.wp.com\/ai-explorer.io\/wp-content\/uploads\/2025\/06\/image-2.jpg?fit=1024%2C1024&ssl=1","contentUrl":"https:\/\/i0.wp.com\/ai-explorer.io\/wp-content\/uploads\/2025\/06\/image-2.jpg?fit=1024%2C1024&ssl=1","width":1024,"height":1024,"caption":"La voix du futur"},"logo":{"@id":"http:\/\/localhost:8081\/#\/schema\/person\/image\/"},"sameAs":["https:\/\/ai-explorer.io\/blog\/","https:\/\/x.com\/aiexplorernews"]}]}},"_links":{"self":[{"href":"https:\/\/ai-explorer.io\/blog\/wp-json\/wp\/v2\/pages\/3651","targetHints":{"allow":["GET"]}}],"collection":[{"href":"https:\/\/ai-explorer.io\/blog\/wp-json\/wp\/v2\/pages"}],"about":[{"href":"https:\/\/ai-explorer.io\/blog\/wp-json\/wp\/v2\/types\/page"}],"author":[{"embeddable":true,"href":"https:\/\/ai-explorer.io\/blog\/wp-json\/wp\/v2\/users\/2"}],"replies":[{"embeddable":true,"href":"https:\/\/ai-explorer.io\/blog\/wp-json\/wp\/v2\/comments?post=3651"}],"version-history":[{"count":10,"href":"https:\/\/ai-explorer.io\/blog\/wp-json\/wp\/v2\/pages\/3651\/revisions"}],"predecessor-version":[{"id":4246,"href":"https:\/\/ai-explorer.io\/blog\/wp-json\/wp\/v2\/pages\/3651\/revisions\/4246"}],"wp:attachment":[{"href":"https:\/\/ai-explorer.io\/blog\/wp-json\/wp\/v2\/media?parent=3651"}],"curies":[{"name":"wp","href":"https:\/\/api.w.org\/{rel}","templated":true}]}}